{"id":2377,"date":"2025-10-01T13:51:56","date_gmt":"2025-10-01T11:51:56","guid":{"rendered":"https:\/\/www.museumsuferticket.de\/erklaerung-zur-barrierefreiheit\/"},"modified":"2025-11-17T14:04:45","modified_gmt":"2025-11-17T13:04:45","slug":"erklaerung-zur-barrierefreiheit","status":"publish","type":"page","link":"https:\/\/www.museumsuferticket.de\/en\/erklaerung-zur-barrierefreiheit\/","title":{"rendered":"Declaration on accessibility"},"content":{"rendered":"\n<p>This accessibility statement applies to the website www.museumsuferticket.de.<\/p>\n\n\n\n<h2 class=\"wp-block-heading\"><strong>Legal basis<\/strong><\/h2>\n\n\n\n<p>As a provider, we are obliged to make our website accessible in accordance with the requirements of the <strong>Accessibility Improvement Act (BFSG)<\/strong> and <strong>Directive (EU) 2016\/2102<\/strong>. The benchmark for this are the requirements of <strong>WCAG 2.1<\/strong> at conformity level <strong>AA<\/strong> and the <strong>EN 301 549<\/strong> standard. <\/p>\n\n\n\n<h2 class=\"wp-block-heading\"><strong>Status of compatibility with the requirements<\/strong><\/h2>\n\n\n\n<p>The website is currently <strong>partially compliant<\/strong> with the above requirements.<\/p>\n\n\n\n<p>We use the <strong>digiaccess<\/strong> tool, which provides users with various operating aids (e.g. contrast adjustment, read-aloud function, font size change).<\/p>\n\n\n\n<p>Note: This overlay technology makes it easier to use, but does not replace a fully accessible implementation in the source code. We are continuously working on making the website technically fully accessible. <\/p>\n\n\n\n<h2 class=\"wp-block-heading\"><strong>Non-accessible content<\/strong><\/h2>\n\n\n\n<p>The following aspects are currently known to us and are being optimized step by step:<\/p>\n\n\n\n<ul class=\"wp-block-list\">\n<li><strong>Contrasts<\/strong>: Certain color contrasts do not yet meet the minimum requirements in all cases (WCAG 1.4.3).<\/li>\n\n\n\n<li><strong>Keyboard operation &amp; focus<\/strong>: Individual control elements are not yet fully accessible via the keyboard or do not have a clear focus sequence (WCAG 2.1.1\/2.4.3).<\/li>\n\n\n\n<li><strong>Forms<\/strong>: In some cases, there is no clear programmatic assignment of labels and input fields and no consistent semantic labeling of error messages (WCAG 1.3.1\/3.3.1-3.3.3).<\/li>\n\n\n\n<li><strong>Captcha im Checkout:<\/strong> Zur Absicherung gegen Spam wird ein Captcha eingesetzt. Dieses kann f\u00fcr einige Nutzergruppen eine Barriere darstellen. Wir pr\u00fcfen barriere\u00e4rmere Alternativen.  <\/li>\n<\/ul>\n\n\n\n<h2 class=\"wp-block-heading\"><strong>Preparation of this declaration<\/strong><\/h2>\n\n\n\n<p>This declaration was created on <strong>01.10.2025<\/strong> and last updated on <strong>01.10.2025<\/strong>. It is based on a <strong>self-assessment<\/strong> of the website. <\/p>\n\n\n\n<h2 class=\"wp-block-heading\"><strong>Feedback and contact<\/strong><\/h2>\n\n\n\n<p>If you notice any deficiencies in the accessibility of the content of our website, please contact us:<\/p>\n\n\n\n<p><p><strong>MuseumsuferTicket Service<\/strong><br>E-Mail: <strong><a href=\"&#x6d;&#97;i&#x6c;&#116;o&#x3a;&#105;n&#x66;&#111;&#64;&#x6d;&#117;s&#x65;&#x75;m&#x73;&#x75;&#102;&#x65;&#x72;&#116;&#x69;&#x63;&#107;e&#x74;&#46;d&#x65;\">&#105;&#x6e;&#102;&#x6f;&#64;&#x6d;&#117;&#x73;&#101;&#x75;&#109;&#x73;&#117;&#x66;&#101;&#x72;&#116;&#x69;&#99;&#x6b;&#101;&#x74;&#46;&#x64;&#101;<\/a><\/strong><br>Telephone: +49 69 212 &#8211; 45187<\/p>\n\n\n\n<p>Please include the URL in question, a brief description of the problem and &#8211; if possible &#8211; the browser, operating system or assistive technology. We will endeavor to respond to your request within <strong>10 working days<\/strong>. <\/p>\n\n\n\n<h2 class=\"wp-block-heading\"><strong>Enforcement proceedings<\/strong><\/h2>\n\n\n\n<p><\/p>\n\n\n\n<p>If no satisfactory solution has been found even after you have provided feedback to the contact mentioned above, you can contact the Enforcement and Monitoring Agency for Accessible Information Technology. You must contact the Enforcement and Monitoring Agency directly after a period of six weeks. Taking all attempts into account, the Enforcement and Monitoring Agency will try to identify the lack of accessibility so that the responsible organization can rectify it.  <\/p>\n\n\n\n<p><strong>Enforcement and Monitoring Agency for Accessible Information Technology<br>Hessian Ministry for Social Affairs and Integration<br>Location: Gie\u00dfen Regional Council<br><br><\/strong>Prof. Dr. Erdmuthe Meyer zu Bexten<br>Commissioner of the Hessian State Government for Accessible IT and Digital Participation<br>Head of LBIT \u2013 State Competence Center for Accessible IT<br>Head of the Enforcement and Monitoring Unit<br>Head of the Market Surveillance Unit under the BFSG<br><br>Landgraf-Philipp-Platz 1-7<br>35390 Gie\u00dfen<br>Telephone: +49 641 303 &#8211; 2901<\/p>\n\n\n\n<p>E-Mail: <a href=\"m&#97;&#x69;&#x6c;t&#111;&#x3a;&#x25;2&#48;&#68;&#x75;&#x72;c&#104;&#x73;&#x65;t&#122;&#x75;&#x6e;g&#115;&#115;&#x74;&#x65;l&#108;&#x65;&#x2d;L&#66;&#x49;&#x54;&#64;&#114;&#112;&#x67;&#x69;&#46;&#104;&#x65;&#x73;s&#101;&#x6e;&#x2e;d&#101;\">&#x44;&#117;&#x72;&#x63;h&#x73;&#101;t&#x7a;&#117;n&#x67;&#115;&#x73;&#x74;e&#x6c;&#108;e&#x2d;&#76;B&#x49;&#84;&#x40;&#x72;&#112;&#x67;&#x69;&#46;&#x68;&#101;s&#x73;&#101;n&#x2e;&#100;&#x65;<\/a><\/p>\n\n\n\n<p><a href=\"https:\/\/lbit.hessen.de\/Durchsetzungs-und-Ueberwachungsstelle\/Durchsetzungsverfahren-beantragen\/Formular-Durchsetzungsverfahren\" target=\"_blank\" rel=\"noreferrer noopener\">Apply for enforcement<\/a><\/p>\n","protected":false},"excerpt":{"rendered":"<p>This accessibility statement applies to the website www.museumsuferticket.de. Legal basis As a provider, we are obliged to make our website accessible in accordance with the requirements of the Accessibility Improvement Act (BFSG) and Directive (EU) 2016\/2102. The benchmark for this are the requirements of WCAG 2.1 at conformity level AA and the EN 301 549 [&hellip;]<\/p>\n","protected":false},"author":1,"featured_media":0,"parent":0,"menu_order":15,"comment_status":"closed","ping_status":"closed","template":"","meta":{"_acf_changed":false,"_seopress_robots_primary_cat":"","_seopress_titles_title":"","_seopress_titles_desc":"","_seopress_robots_index":"yes","inline_featured_image":false,"footnotes":""},"class_list":["post-2377","page","type-page","status-publish","hentry"],"acf":[],"_links":{"self":[{"href":"https:\/\/www.museumsuferticket.de\/en\/wp-json\/wp\/v2\/pages\/2377","targetHints":{"allow":["GET"]}}],"collection":[{"href":"https:\/\/www.museumsuferticket.de\/en\/wp-json\/wp\/v2\/pages"}],"about":[{"href":"https:\/\/www.museumsuferticket.de\/en\/wp-json\/wp\/v2\/types\/page"}],"author":[{"embeddable":true,"href":"https:\/\/www.museumsuferticket.de\/en\/wp-json\/wp\/v2\/users\/1"}],"replies":[{"embeddable":true,"href":"https:\/\/www.museumsuferticket.de\/en\/wp-json\/wp\/v2\/comments?post=2377"}],"version-history":[{"count":14,"href":"https:\/\/www.museumsuferticket.de\/en\/wp-json\/wp\/v2\/pages\/2377\/revisions"}],"predecessor-version":[{"id":2699,"href":"https:\/\/www.museumsuferticket.de\/en\/wp-json\/wp\/v2\/pages\/2377\/revisions\/2699"}],"wp:attachment":[{"href":"https:\/\/www.museumsuferticket.de\/en\/wp-json\/wp\/v2\/media?parent=2377"}],"curies":[{"name":"wp","href":"https:\/\/api.w.org\/{rel}","templated":true}]}}